{"id":1761,"date":"2024-05-15T18:51:19","date_gmt":"2024-05-15T16:51:19","guid":{"rendered":"https:\/\/hardyone.eu\/produkt\/plavi-marker-12-komada\/"},"modified":"2024-05-15T18:51:19","modified_gmt":"2024-05-15T16:51:19","slug":"plavi-marker-12-komada","status":"publish","type":"product","link":"https:\/\/hardyone.eu\/hr\/produkt\/plavi-marker-12-komada\/","title":{"rendered":"Plavi marker, 12 komada"},"content":{"rendered":"<p>Na\u010din upotrebe:<br \/>\nProtresite zatvoreni marker prije svake upotrebe.<br \/>\nPrvi put pumpajte dok maskara ne nestane<br \/>\npo cijelom kraju. Koristiti u prozra\u010denim prostorijama. Zatvoriti nakon svake upotrebe. Ne sadr\u017ei ksilen.<br \/>\nDr\u017eati podalje od djece.<\/p>\n","protected":false},"excerpt":{"rendered":"<p>Plavi uljni marker, 12 komada u pakiranju.<\/p>\n<p>Boja koja se brzo su\u0161i, intenzivne boje, jasno vidljive.<\/p>\n<p>Markeri se koriste za pisanje na razli\u010ditim povr\u0161inama:<br \/>\nkarton, drvo, plastika, staklo, kamen, guma, \u010delik i drugi.<\/p>\n<p>Jedna od prepoznatljivih zna\u010dajki na\u0161ih proizvoda je oja\u010dani vrh markera,<br \/>\nkoji se ne raslojava. To ga \u010dini pogodnim za pisanje po raznim agresivnim teksturama.<\/p>\n<p>Debljina ispisa je 2,5-3,0 mm.<\/p>\n<p>Marker sadr\u017ei ventil za pumpanje boje &#8211; sustav ventila.<\/p>\n<p>Aluminijsko ku\u0107i\u0161te otporno na mehani\u010dka o\u0161te\u0107enja.<\/p>\n<p>&nbsp;<\/p>\n<p>&nbsp;<\/p>\n","protected":false},"featured_media":1577,"template":"","meta":{"site-sidebar-layout":"default","site-content-layout":"","ast-site-content-layout":"default","site-content-style":"default","site-sidebar-style":"default","ast-global-header-display":"","ast-banner-title-visibility":"","ast-main-header-display":"","ast-hfb-above-header-display":"","ast-hfb-below-header-display":"","ast-hfb-mobile-header-display":"","site-post-title":"","ast-breadcrumbs-content":"","ast-featured-img":"","footer-sml-layout":"","theme-transparent-header-meta":"default","adv-header-id-meta":"","stick-header-meta":"","header-above-stick-meta":"","header-main-stick-meta":"","header-below-stick-meta":"","astra-migrate-meta-layouts":"default","ast-page-background-enabled":"default","ast-page-background-meta":{"desktop":{"background-color":"var(--ast-global-color-4)","background-image":"","background-repeat":"repeat","background-position":"center center","background-size":"auto","background-attachment":"scroll","background-type":"","background-media":"","overlay-type":"","overlay-color":"","overlay-opacity":"","overlay-gradient":""},"tablet":{"background-color":"","background-image":"","background-repeat":"repeat","background-position":"center center","background-size":"auto","background-attachment":"scroll","background-type":"","background-media":"","overlay-type":"","overlay-color":"","overlay-opacity":"","overlay-gradient":""},"mobile":{"background-color":"","background-image":"","background-repeat":"repeat","background-position":"center center","background-size":"auto","background-attachment":"scroll","background-type":"","background-media":"","overlay-type":"","overlay-color":"","overlay-opacity":"","overlay-gradient":""}},"ast-content-background-meta":{"desktop":{"background-color":"var(--ast-global-color-5)","background-image":"","background-repeat":"repeat","background-position":"center center","background-size":"auto","background-attachment":"scroll","background-type":"","background-media":"","overlay-type":"","overlay-color":"","overlay-opacity":"","overlay-gradient":""},"tablet":{"background-color":"var(--ast-global-color-5)","background-image":"","background-repeat":"repeat","background-position":"center center","background-size":"auto","background-attachment":"scroll","background-type":"","background-media":"","overlay-type":"","overlay-color":"","overlay-opacity":"","overlay-gradient":""},"mobile":{"background-color":"var(--ast-global-color-5)","background-image":"","background-repeat":"repeat","background-position":"center center","background-size":"auto","background-attachment":"scroll","background-type":"","background-media":"","overlay-type":"","overlay-color":"","overlay-opacity":"","overlay-gradient":""}}},"product_cat":[81,79],"product_tag":[],"class_list":{"0":"post-1761","1":"product","2":"type-product","3":"status-publish","4":"has-post-thumbnail","6":"product_cat-novi-dolazak","7":"product_cat-svi-proizvodi","8":"desktop-align-left","9":"tablet-align-left","10":"mobile-align-left","12":"first","13":"instock","14":"taxable","15":"shipping-taxable","16":"purchasable","17":"product-type-simple"},"_links":{"self":[{"href":"https:\/\/hardyone.eu\/hr\/wp-json\/wp\/v2\/product\/1761","targetHints":{"allow":["GET"]}}],"collection":[{"href":"https:\/\/hardyone.eu\/hr\/wp-json\/wp\/v2\/product"}],"about":[{"href":"https:\/\/hardyone.eu\/hr\/wp-json\/wp\/v2\/types\/product"}],"wp:featuredmedia":[{"embeddable":true,"href":"https:\/\/hardyone.eu\/hr\/wp-json\/wp\/v2\/media\/1577"}],"wp:attachment":[{"href":"https:\/\/hardyone.eu\/hr\/wp-json\/wp\/v2\/media?parent=1761"}],"wp:term":[{"taxonomy":"product_cat","embeddable":true,"href":"https:\/\/hardyone.eu\/hr\/wp-json\/wp\/v2\/product_cat?post=1761"},{"taxonomy":"product_tag","embeddable":true,"href":"https:\/\/hardyone.eu\/hr\/wp-json\/wp\/v2\/product_tag?post=1761"}],"curies":[{"name":"wp","href":"https:\/\/api.w.org\/{rel}","templated":true}]}}