{"id":1764,"date":"2024-05-15T18:51:19","date_gmt":"2024-05-15T16:51:19","guid":{"rendered":"https:\/\/hardyone.eu\/produkt\/marqueur-bleu-12-pieces\/"},"modified":"2024-05-15T18:51:19","modified_gmt":"2024-05-15T16:51:19","slug":"marqueur-bleu-12-pieces","status":"publish","type":"product","link":"https:\/\/hardyone.eu\/fr\/produkt\/marqueur-bleu-12-pieces\/","title":{"rendered":"Marqueur bleu, 12 pi\u00e8ces"},"content":{"rendered":"<p>M\u00e9thode d&rsquo;utilisation :<br \/>\nSecouez le marqueur ferm\u00e9 avant chaque utilisation.<br \/>\nLa premi\u00e8re fois, pompez en appuyant jusqu&rsquo;\u00e0 ce que l&rsquo;encre s&rsquo;\u00e9puise.<br \/>\nsur toute la pointe. Utiliser dans des zones ventil\u00e9es. Fermez apr\u00e8s chaque utilisation. Sans xyl\u00e8ne.<br \/>\nTenir hors de port\u00e9e des enfants.<\/p>\n","protected":false},"excerpt":{"rendered":"<p>Marqueur \u00e0 huile bleu, 12 pi\u00e8ces par paquet.<\/p>\n<p>Peinture \u00e0 s\u00e9chage rapide, couleurs intenses, bonne visibilit\u00e9.<\/p>\n<p>Les marqueurs sont utilis\u00e9s pour \u00e9crire sur diverses surfaces :<br \/>\ncarton, bois, plastique, verre, pierre, caoutchouc, acier et autres.<\/p>\n<p>L&rsquo;une des caract\u00e9ristiques de nos produits est la pointe renforc\u00e9e du marqueur,<br \/>\nqui ne se d\u00e9lamine pas. Il convient donc \u00e0 l&rsquo;\u00e9criture sur une vari\u00e9t\u00e9 de textures agressives.<\/p>\n<p>L&rsquo;\u00e9paisseur de l&rsquo;\u00e9criture est de 2,5 \u00e0 3,0 mm.<\/p>\n<p>Le marqueur contient un syst\u00e8me de valve de pompe \u00e0 encre &#8211; valve.<\/p>\n<p>Bo\u00eetier en aluminium r\u00e9sistant aux dommages m\u00e9caniques.<\/p>\n<p>&nbsp;<\/p>\n<p>&nbsp;<\/p>\n","protected":false},"featured_media":1580,"template":"","meta":{"site-sidebar-layout":"default","site-content-layout":"","ast-site-content-layout":"default","site-content-style":"default","site-sidebar-style":"default","ast-global-header-display":"","ast-banner-title-visibility":"","ast-main-header-display":"","ast-hfb-above-header-display":"","ast-hfb-below-header-display":"","ast-hfb-mobile-header-display":"","site-post-title":"","ast-breadcrumbs-content":"","ast-featured-img":"","footer-sml-layout":"","theme-transparent-header-meta":"default","adv-header-id-meta":"","stick-header-meta":"","header-above-stick-meta":"","header-main-stick-meta":"","header-below-stick-meta":"","astra-migrate-meta-layouts":"default","ast-page-background-enabled":"default","ast-page-background-meta":{"desktop":{"background-color":"var(--ast-global-color-4)","background-image":"","background-repeat":"repeat","background-position":"center center","background-size":"auto","background-attachment":"scroll","background-type":"","background-media":"","overlay-type":"","overlay-color":"","overlay-opacity":"","overlay-gradient":""},"tablet":{"background-color":"","background-image":"","background-repeat":"repeat","background-position":"center center","background-size":"auto","background-attachment":"scroll","background-type":"","background-media":"","overlay-type":"","overlay-color":"","overlay-opacity":"","overlay-gradient":""},"mobile":{"background-color":"","background-image":"","background-repeat":"repeat","background-position":"center center","background-size":"auto","background-attachment":"scroll","background-type":"","background-media":"","overlay-type":"","overlay-color":"","overlay-opacity":"","overlay-gradient":""}},"ast-content-background-meta":{"desktop":{"background-color":"var(--ast-global-color-5)","background-image":"","background-repeat":"repeat","background-position":"center center","background-size":"auto","background-attachment":"scroll","background-type":"","background-media":"","overlay-type":"","overlay-color":"","overlay-opacity":"","overlay-gradient":""},"tablet":{"background-color":"var(--ast-global-color-5)","background-image":"","background-repeat":"repeat","background-position":"center center","background-size":"auto","background-attachment":"scroll","background-type":"","background-media":"","overlay-type":"","overlay-color":"","overlay-opacity":"","overlay-gradient":""},"mobile":{"background-color":"var(--ast-global-color-5)","background-image":"","background-repeat":"repeat","background-position":"center center","background-size":"auto","background-attachment":"scroll","background-type":"","background-media":"","overlay-type":"","overlay-color":"","overlay-opacity":"","overlay-gradient":""}}},"product_cat":[85,84],"product_tag":[],"class_list":{"0":"post-1764","1":"product","2":"type-product","3":"status-publish","4":"has-post-thumbnail","6":"product_cat-nouvel-arrivage","7":"product_cat-tous-les-produits","8":"desktop-align-left","9":"tablet-align-left","10":"mobile-align-left","12":"first","13":"instock","14":"taxable","15":"shipping-taxable","16":"purchasable","17":"product-type-simple"},"_links":{"self":[{"href":"https:\/\/hardyone.eu\/fr\/wp-json\/wp\/v2\/product\/1764","targetHints":{"allow":["GET"]}}],"collection":[{"href":"https:\/\/hardyone.eu\/fr\/wp-json\/wp\/v2\/product"}],"about":[{"href":"https:\/\/hardyone.eu\/fr\/wp-json\/wp\/v2\/types\/product"}],"wp:featuredmedia":[{"embeddable":true,"href":"https:\/\/hardyone.eu\/fr\/wp-json\/wp\/v2\/media\/1580"}],"wp:attachment":[{"href":"https:\/\/hardyone.eu\/fr\/wp-json\/wp\/v2\/media?parent=1764"}],"wp:term":[{"taxonomy":"product_cat","embeddable":true,"href":"https:\/\/hardyone.eu\/fr\/wp-json\/wp\/v2\/product_cat?post=1764"},{"taxonomy":"product_tag","embeddable":true,"href":"https:\/\/hardyone.eu\/fr\/wp-json\/wp\/v2\/product_tag?post=1764"}],"curies":[{"name":"wp","href":"https:\/\/api.w.org\/{rel}","templated":true}]}}