{"id":1768,"date":"2024-05-15T19:11:28","date_gmt":"2024-05-15T17:11:28","guid":{"rendered":"https:\/\/hardyone.eu\/produkt\/marcador-verde-12-unidades\/"},"modified":"2024-05-15T19:11:28","modified_gmt":"2024-05-15T17:11:28","slug":"marcador-verde-12-unidades","status":"publish","type":"product","link":"https:\/\/hardyone.eu\/es\/produkt\/marcador-verde-12-unidades\/","title":{"rendered":"Marcador verde, 12 unidades"},"content":{"rendered":"<p>Modo de empleo:<br \/>\nAgita el marcador cerrado antes de cada uso.<br \/>\nLa primera vez, bombea presionando hasta que se acabe la tinta<br \/>\npor toda la punta. Util\u00edzalo en zonas ventiladas. Ci\u00e9rralo despu\u00e9s de cada uso. Sin xileno.<br \/>\nMantener fuera del alcance de los ni\u00f1os<\/p>\n<p>&nbsp;<\/p>\n","protected":false},"excerpt":{"rendered":"<p>Marcador de aceite verde, 12 unidades por paquete.<\/p>\n<p>Pintura de secado r\u00e1pido, colores intensos, buena visibilidad.<\/p>\n<p>Los rotuladores se utilizan para escribir sobre diversas superficies:<br \/>\ncart\u00f3n, madera, pl\u00e1stico, vidrio, piedra, caucho, acero y mucho m\u00e1s.<\/p>\n<p>Una de las caracter\u00edsticas distintivas de nuestros productos es la punta reforzada del rotulador,<br \/>\nque no se deslamina. Esto lo hace adecuado para escribir sobre una variedad de texturas agresivas.<\/p>\n<p>El grosor de escritura es de 2,5-3,0 mm.<\/p>\n<p>El marcador contiene un sistema de v\u00e1lvula-bomba de tinta.<\/p>\n<p>Carcasa de aluminio resistente a los da\u00f1os mec\u00e1nicos.<\/p>\n","protected":false},"featured_media":1853,"template":"","meta":{"site-sidebar-layout":"default","site-content-layout":"","ast-site-content-layout":"default","site-content-style":"default","site-sidebar-style":"default","ast-global-header-display":"","ast-banner-title-visibility":"","ast-main-header-display":"","ast-hfb-above-header-display":"","ast-hfb-below-header-display":"","ast-hfb-mobile-header-display":"","site-post-title":"","ast-breadcrumbs-content":"","ast-featured-img":"","footer-sml-layout":"","theme-transparent-header-meta":"default","adv-header-id-meta":"","stick-header-meta":"","header-above-stick-meta":"","header-main-stick-meta":"","header-below-stick-meta":"","astra-migrate-meta-layouts":"default","ast-page-background-enabled":"default","ast-page-background-meta":{"desktop":{"background-color":"var(--ast-global-color-4)","background-image":"","background-repeat":"repeat","background-position":"center center","background-size":"auto","background-attachment":"scroll","background-type":"","background-media":"","overlay-type":"","overlay-color":"","overlay-opacity":"","overlay-gradient":""},"tablet":{"background-color":"","background-image":"","background-repeat":"repeat","background-position":"center center","background-size":"auto","background-attachment":"scroll","background-type":"","background-media":"","overlay-type":"","overlay-color":"","overlay-opacity":"","overlay-gradient":""},"mobile":{"background-color":"","background-image":"","background-repeat":"repeat","background-position":"center center","background-size":"auto","background-attachment":"scroll","background-type":"","background-media":"","overlay-type":"","overlay-color":"","overlay-opacity":"","overlay-gradient":""}},"ast-content-background-meta":{"desktop":{"background-color":"var(--ast-global-color-5)","background-image":"","background-repeat":"repeat","background-position":"center center","background-size":"auto","background-attachment":"scroll","background-type":"","background-media":"","overlay-type":"","overlay-color":"","overlay-opacity":"","overlay-gradient":""},"tablet":{"background-color":"var(--ast-global-color-5)","background-image":"","background-repeat":"repeat","background-position":"center center","background-size":"auto","background-attachment":"scroll","background-type":"","background-media":"","overlay-type":"","overlay-color":"","overlay-opacity":"","overlay-gradient":""},"mobile":{"background-color":"var(--ast-global-color-5)","background-image":"","background-repeat":"repeat","background-position":"center center","background-size":"auto","background-attachment":"scroll","background-type":"","background-media":"","overlay-type":"","overlay-color":"","overlay-opacity":"","overlay-gradient":""}}},"product_cat":[77,75],"product_tag":[],"class_list":{"0":"post-1768","1":"product","2":"type-product","3":"status-publish","4":"has-post-thumbnail","6":"product_cat-recien-llegado","7":"product_cat-todos-los-productos","8":"desktop-align-left","9":"tablet-align-left","10":"mobile-align-left","12":"first","13":"instock","14":"taxable","15":"shipping-taxable","16":"purchasable","17":"product-type-simple"},"_links":{"self":[{"href":"https:\/\/hardyone.eu\/es\/wp-json\/wp\/v2\/product\/1768","targetHints":{"allow":["GET"]}}],"collection":[{"href":"https:\/\/hardyone.eu\/es\/wp-json\/wp\/v2\/product"}],"about":[{"href":"https:\/\/hardyone.eu\/es\/wp-json\/wp\/v2\/types\/product"}],"wp:featuredmedia":[{"embeddable":true,"href":"https:\/\/hardyone.eu\/es\/wp-json\/wp\/v2\/media\/1853"}],"wp:attachment":[{"href":"https:\/\/hardyone.eu\/es\/wp-json\/wp\/v2\/media?parent=1768"}],"wp:term":[{"taxonomy":"product_cat","embeddable":true,"href":"https:\/\/hardyone.eu\/es\/wp-json\/wp\/v2\/product_cat?post=1768"},{"taxonomy":"product_tag","embeddable":true,"href":"https:\/\/hardyone.eu\/es\/wp-json\/wp\/v2\/product_tag?post=1768"}],"curies":[{"name":"wp","href":"https:\/\/api.w.org\/{rel}","templated":true}]}}