{"id":1774,"date":"2024-05-15T19:11:28","date_gmt":"2024-05-15T17:11:28","guid":{"rendered":"https:\/\/hardyone.eu\/produkt\/gruener-marker-12-stueck\/"},"modified":"2024-05-15T19:11:28","modified_gmt":"2024-05-15T17:11:28","slug":"gruener-marker-12-stueck","status":"publish","type":"product","link":"https:\/\/hardyone.eu\/de\/produkt\/gruener-marker-12-stueck\/","title":{"rendered":"Gr\u00fcner Marker, 12 St\u00fcck"},"content":{"rendered":"<p>Methode der Anwendung:<br \/>\nSch\u00fctteln Sie den geschlossenen Marker vor jedem Gebrauch.<br \/>\nBeim ersten Mal pumpen Sie durch Dr\u00fccken, bis die Tinte ausl\u00e4uft.<br \/>\n\u00fcber die ganze Spitze. Verwenden Sie es in gut bel\u00fcfteten Bereichen. Schlie\u00dfen Sie es nach jedem Gebrauch. Xylolfrei.<br \/>\nAu\u00dferhalb der Reichweite von Kindern aufbewahren<\/p>\n<p>&nbsp;<\/p>\n","protected":false},"excerpt":{"rendered":"<p>Gr\u00fcner \u00d6lmarker, 12 St\u00fcck pro Packung.<\/p>\n<p>Schnell trocknende Farbe, intensive Farben, gute Sichtbarkeit.<\/p>\n<p>Marker werden zum Schreiben auf einer Vielzahl von Oberfl\u00e4chen verwendet:<br \/>\nKarton, Holz, Kunststoff, Glas, Stein, Gummi, Stahl und mehr.<\/p>\n<p>Eines der Markenzeichen unserer Produkte ist die verst\u00e4rkte Markerspitze,<br \/>\ndas nicht delaminiert. Dadurch eignet es sich zum Schreiben auf einer Vielzahl von aggressiven Texturen.<\/p>\n<p>Die Schreibst\u00e4rke betr\u00e4gt 2,5-3,0 mm.<\/p>\n<p>Der Marker enth\u00e4lt ein Tintenpumpenventil-Ventil-System.<\/p>\n<p>Geh\u00e4use aus Aluminium, widerstandsf\u00e4hig gegen mechanische Besch\u00e4digungen.<\/p>\n","protected":false},"featured_media":1850,"template":"","meta":{"site-sidebar-layout":"default","site-content-layout":"","ast-site-content-layout":"default","site-content-style":"default","site-sidebar-style":"default","ast-global-header-display":"","ast-banner-title-visibility":"","ast-main-header-display":"","ast-hfb-above-header-display":"","ast-hfb-below-header-display":"","ast-hfb-mobile-header-display":"","site-post-title":"","ast-breadcrumbs-content":"","ast-featured-img":"","footer-sml-layout":"","theme-transparent-header-meta":"default","adv-header-id-meta":"","stick-header-meta":"","header-above-stick-meta":"","header-main-stick-meta":"","header-below-stick-meta":"","astra-migrate-meta-layouts":"default","ast-page-background-enabled":"default","ast-page-background-meta":{"desktop":{"background-color":"var(--ast-global-color-4)","background-image":"","background-repeat":"repeat","background-position":"center center","background-size":"auto","background-attachment":"scroll","background-type":"","background-media":"","overlay-type":"","overlay-color":"","overlay-opacity":"","overlay-gradient":""},"tablet":{"background-color":"","background-image":"","background-repeat":"repeat","background-position":"center center","background-size":"auto","background-attachment":"scroll","background-type":"","background-media":"","overlay-type":"","overlay-color":"","overlay-opacity":"","overlay-gradient":""},"mobile":{"background-color":"","background-image":"","background-repeat":"repeat","background-position":"center center","background-size":"auto","background-attachment":"scroll","background-type":"","background-media":"","overlay-type":"","overlay-color":"","overlay-opacity":"","overlay-gradient":""}},"ast-content-background-meta":{"desktop":{"background-color":"var(--ast-global-color-5)","background-image":"","background-repeat":"repeat","background-position":"center center","background-size":"auto","background-attachment":"scroll","background-type":"","background-media":"","overlay-type":"","overlay-color":"","overlay-opacity":"","overlay-gradient":""},"tablet":{"background-color":"var(--ast-global-color-5)","background-image":"","background-repeat":"repeat","background-position":"center center","background-size":"auto","background-attachment":"scroll","background-type":"","background-media":"","overlay-type":"","overlay-color":"","overlay-opacity":"","overlay-gradient":""},"mobile":{"background-color":"var(--ast-global-color-5)","background-image":"","background-repeat":"repeat","background-position":"center center","background-size":"auto","background-attachment":"scroll","background-type":"","background-media":"","overlay-type":"","overlay-color":"","overlay-opacity":"","overlay-gradient":""}}},"product_cat":[82,83],"product_tag":[],"class_list":{"0":"post-1774","1":"product","2":"type-product","3":"status-publish","4":"has-post-thumbnail","6":"product_cat-alle-produkte","7":"product_cat-neue-ankunft","8":"desktop-align-left","9":"tablet-align-left","10":"mobile-align-left","12":"first","13":"instock","14":"taxable","15":"shipping-taxable","16":"purchasable","17":"product-type-simple"},"_links":{"self":[{"href":"https:\/\/hardyone.eu\/de\/wp-json\/wp\/v2\/product\/1774","targetHints":{"allow":["GET"]}}],"collection":[{"href":"https:\/\/hardyone.eu\/de\/wp-json\/wp\/v2\/product"}],"about":[{"href":"https:\/\/hardyone.eu\/de\/wp-json\/wp\/v2\/types\/product"}],"wp:featuredmedia":[{"embeddable":true,"href":"https:\/\/hardyone.eu\/de\/wp-json\/wp\/v2\/media\/1850"}],"wp:attachment":[{"href":"https:\/\/hardyone.eu\/de\/wp-json\/wp\/v2\/media?parent=1774"}],"wp:term":[{"taxonomy":"product_cat","embeddable":true,"href":"https:\/\/hardyone.eu\/de\/wp-json\/wp\/v2\/product_cat?post=1774"},{"taxonomy":"product_tag","embeddable":true,"href":"https:\/\/hardyone.eu\/de\/wp-json\/wp\/v2\/product_tag?post=1774"}],"curies":[{"name":"wp","href":"https:\/\/api.w.org\/{rel}","templated":true}]}}