{"id":1775,"date":"2024-05-15T18:56:38","date_gmt":"2024-05-15T16:56:38","guid":{"rendered":"https:\/\/hardyone.eu\/produkt\/cerveny-fix-12-kusu\/"},"modified":"2024-05-15T18:56:38","modified_gmt":"2024-05-15T16:56:38","slug":"cerveny-fix-12-kusu","status":"publish","type":"product","link":"https:\/\/hardyone.eu\/cs\/produkt\/cerveny-fix-12-kusu\/","title":{"rendered":"\u010cerven\u00fd fix, 12 kus\u016f"},"content":{"rendered":"<p>Zp\u016fsob pou\u017eit\u00ed:<br \/>\nP\u0159ed ka\u017ed\u00fdm pou\u017eit\u00edm uzav\u0159en\u00fd popisova\u010d prot\u0159epejte.<br \/>\nPoprv\u00e9 pumpujte stisknut\u00edm, dokud inkoust nedojde.<br \/>\npo cel\u00e9 \u0161pi\u010dce. Pou\u017e\u00edvejte ve v\u011btran\u00fdch prostor\u00e1ch. Po ka\u017ed\u00e9m pou\u017eit\u00ed je zav\u0159ete. Bez obsahu xylenu.<br \/>\nUchov\u00e1vejte mimo dosah d\u011bt\u00ed<\/p>\n","protected":false},"excerpt":{"rendered":"<p>\u010cerven\u00fd olejov\u00fd popisova\u010d, 12 kus\u016f v balen\u00ed.<\/p>\n<p>Rychleschnouc\u00ed barva, intenzivn\u00ed barvy, dobr\u00e1 viditelnost.<\/p>\n<p>Fixy se pou\u017e\u00edvaj\u00ed k psan\u00ed na r\u016fzn\u00e9 povrchy:<br \/>\nlepenka, d\u0159evo, plast, sklo, k\u00e1men, guma, ocel a dal\u0161\u00ed.<\/p>\n<p>Jedn\u00edm z charakteristick\u00fdch znak\u016f na\u0161ich v\u00fdrobk\u016f je zes\u00edlen\u00fd hrot popisova\u010de,<br \/>\nkter\u00fd se nerozkl\u00e1d\u00e1. D\u00edky tomu je vhodn\u00fd pro psan\u00ed na r\u016fzn\u00e9 agresivn\u00ed textury.<\/p>\n<p>Tlou\u0161\u0165ka p\u00edsma je 2,5-3,0 mm.<\/p>\n<p>Zna\u010dkova\u010d obsahuje syst\u00e9m ventil &#8211; \u010derpadlo inkoustu.<\/p>\n<p>Hlin\u00edkov\u00e9 pouzdro odoln\u00e9 proti mechanick\u00e9mu po\u0161kozen\u00ed.<\/p>\n<p>&nbsp;<\/p>\n","protected":false},"featured_media":1586,"template":"","meta":{"site-sidebar-layout":"default","site-content-layout":"","ast-site-content-layout":"default","site-content-style":"default","site-sidebar-style":"default","ast-global-header-display":"","ast-banner-title-visibility":"","ast-main-header-display":"","ast-hfb-above-header-display":"","ast-hfb-below-header-display":"","ast-hfb-mobile-header-display":"","site-post-title":"","ast-breadcrumbs-content":"","ast-featured-img":"","footer-sml-layout":"","theme-transparent-header-meta":"default","adv-header-id-meta":"","stick-header-meta":"","header-above-stick-meta":"","header-main-stick-meta":"","header-below-stick-meta":"","astra-migrate-meta-layouts":"default","ast-page-background-enabled":"default","ast-page-background-meta":{"desktop":{"background-color":"var(--ast-global-color-4)","background-image":"","background-repeat":"repeat","background-position":"center center","background-size":"auto","background-attachment":"scroll","background-type":"","background-media":"","overlay-type":"","overlay-color":"","overlay-opacity":"","overlay-gradient":""},"tablet":{"background-color":"","background-image":"","background-repeat":"repeat","background-position":"center center","background-size":"auto","background-attachment":"scroll","background-type":"","background-media":"","overlay-type":"","overlay-color":"","overlay-opacity":"","overlay-gradient":""},"mobile":{"background-color":"","background-image":"","background-repeat":"repeat","background-position":"center center","background-size":"auto","background-attachment":"scroll","background-type":"","background-media":"","overlay-type":"","overlay-color":"","overlay-opacity":"","overlay-gradient":""}},"ast-content-background-meta":{"desktop":{"background-color":"var(--ast-global-color-5)","background-image":"","background-repeat":"repeat","background-position":"center center","background-size":"auto","background-attachment":"scroll","background-type":"","background-media":"","overlay-type":"","overlay-color":"","overlay-opacity":"","overlay-gradient":""},"tablet":{"background-color":"var(--ast-global-color-5)","background-image":"","background-repeat":"repeat","background-position":"center center","background-size":"auto","background-attachment":"scroll","background-type":"","background-media":"","overlay-type":"","overlay-color":"","overlay-opacity":"","overlay-gradient":""},"mobile":{"background-color":"var(--ast-global-color-5)","background-image":"","background-repeat":"repeat","background-position":"center center","background-size":"auto","background-attachment":"scroll","background-type":"","background-media":"","overlay-type":"","overlay-color":"","overlay-opacity":"","overlay-gradient":""}}},"product_cat":[76,74],"product_tag":[],"class_list":{"0":"post-1775","1":"product","2":"type-product","3":"status-publish","4":"has-post-thumbnail","6":"product_cat-novy-prirustek","7":"product_cat-vsechny-produkty","8":"desktop-align-left","9":"tablet-align-left","10":"mobile-align-left","12":"first","13":"instock","14":"taxable","15":"shipping-taxable","16":"purchasable","17":"product-type-simple"},"_links":{"self":[{"href":"https:\/\/hardyone.eu\/cs\/wp-json\/wp\/v2\/product\/1775","targetHints":{"allow":["GET"]}}],"collection":[{"href":"https:\/\/hardyone.eu\/cs\/wp-json\/wp\/v2\/product"}],"about":[{"href":"https:\/\/hardyone.eu\/cs\/wp-json\/wp\/v2\/types\/product"}],"wp:featuredmedia":[{"embeddable":true,"href":"https:\/\/hardyone.eu\/cs\/wp-json\/wp\/v2\/media\/1586"}],"wp:attachment":[{"href":"https:\/\/hardyone.eu\/cs\/wp-json\/wp\/v2\/media?parent=1775"}],"wp:term":[{"taxonomy":"product_cat","embeddable":true,"href":"https:\/\/hardyone.eu\/cs\/wp-json\/wp\/v2\/product_cat?post=1775"},{"taxonomy":"product_tag","embeddable":true,"href":"https:\/\/hardyone.eu\/cs\/wp-json\/wp\/v2\/product_tag?post=1775"}],"curies":[{"name":"wp","href":"https:\/\/api.w.org\/{rel}","templated":true}]}}